{"id":1235,"date":"2023-01-23T11:57:50","date_gmt":"2023-01-23T11:57:50","guid":{"rendered":"https:\/\/napsugarotthon.hu\/?page_id=1235"},"modified":"2023-01-23T16:17:20","modified_gmt":"2023-01-23T16:17:20","slug":"intenziv-apolas","status":"publish","type":"page","link":"https:\/\/napsugarotthon.hu\/?page_id=1235","title":{"rendered":"Intenz\u00edv \u00e1pol\u00e1s"},"content":{"rendered":"\t\t<div data-elementor-type=\"wp-page\" data-elementor-id=\"1235\" class=\"elementor elementor-1235\">\n\t\t\t\t\t\t\t\t\t<section class=\"elementor-section elementor-top-section elementor-element elementor-element-69ea727d elementor-section-boxed elementor-section-height-default elementor-section-height-default\" data-id=\"69ea727d\" data-element_type=\"section\" data-settings=\"{&quot;background_background&quot;:&quot;classic&quot;}\">\n\t\t\t\t\t\t<div class=\"elementor-container elementor-column-gap-no\">\n\t\t\t\t\t<div class=\"elementor-column elementor-col-100 elementor-top-column elementor-element elementor-element-2977eae0\" data-id=\"2977eae0\" data-element_type=\"column\">\n\t\t\t<div class=\"elementor-widget-wrap elementor-element-populated\">\n\t\t\t\t\t\t\t\t<div class=\"elementor-element elementor-element-b657489 elementor-widget elementor-widget-heading\" data-id=\"b657489\" data-element_type=\"widget\" data-widget_type=\"heading.default\">\n\t\t\t\t<div class=\"elementor-widget-container\">\n\t\t\t<style>\/*! elementor - v3.16.0 - 13-09-2023 *\/\n.elementor-heading-title{padding:0;margin:0;line-height:1}.elementor-widget-heading .elementor-heading-title[class*=elementor-size-]>a{color:inherit;font-size:inherit;line-height:inherit}.elementor-widget-heading .elementor-heading-title.elementor-size-small{font-size:15px}.elementor-widget-heading .elementor-heading-title.elementor-size-medium{font-size:19px}.elementor-widget-heading .elementor-heading-title.elementor-size-large{font-size:29px}.elementor-widget-heading .elementor-heading-title.elementor-size-xl{font-size:39px}.elementor-widget-heading .elementor-heading-title.elementor-size-xxl{font-size:59px}<\/style><h1 class=\"elementor-heading-title elementor-size-default\">Intenz\u00edv \u00e1pol\u00e1s<\/h1>\t\t<\/div>\n\t\t\t\t<\/div>\n\t\t\t\t\t<\/div>\n\t\t<\/div>\n\t\t\t\t\t\t\t<\/div>\n\t\t<\/section>\n\t\t\t\t<section class=\"elementor-section elementor-top-section elementor-element elementor-element-e863159 elementor-section-boxed elementor-section-height-default elementor-section-height-default\" data-id=\"e863159\" data-element_type=\"section\">\n\t\t\t\t\t\t<div class=\"elementor-container elementor-column-gap-default\">\n\t\t\t\t\t<div class=\"elementor-column elementor-col-50 elementor-top-column elementor-element elementor-element-92bcd38\" data-id=\"92bcd38\" data-element_type=\"column\">\n\t\t\t<div class=\"elementor-widget-wrap elementor-element-populated\">\n\t\t\t\t\t\t\t\t<div class=\"elementor-element elementor-element-5e8434f elementor-widget elementor-widget-image\" data-id=\"5e8434f\" data-element_type=\"widget\" data-widget_type=\"image.default\">\n\t\t\t\t<div class=\"elementor-widget-container\">\n\t\t\t<style>\/*! elementor - v3.16.0 - 13-09-2023 *\/\n.elementor-widget-image{text-align:center}.elementor-widget-image a{display:inline-block}.elementor-widget-image a img[src$=\".svg\"]{width:48px}.elementor-widget-image img{vertical-align:middle;display:inline-block}<\/style>\t\t\t\t\t\t\t\t\t\t\t\t<img loading=\"lazy\" decoding=\"async\" width=\"683\" height=\"1024\" src=\"https:\/\/napsugarotthon.hu\/wp-content\/uploads\/2023\/01\/IMG_9317-683x1024.jpg\" class=\"attachment-large size-large wp-image-1266\" alt=\"\" srcset=\"https:\/\/napsugarotthon.hu\/wp-content\/uploads\/2023\/01\/IMG_9317-683x1024.jpg 683w, https:\/\/napsugarotthon.hu\/wp-content\/uploads\/2023\/01\/IMG_9317-200x300.jpg 200w, https:\/\/napsugarotthon.hu\/wp-content\/uploads\/2023\/01\/IMG_9317-768x1152.jpg 768w, https:\/\/napsugarotthon.hu\/wp-content\/uploads\/2023\/01\/IMG_9317-1024x1536.jpg 1024w, https:\/\/napsugarotthon.hu\/wp-content\/uploads\/2023\/01\/IMG_9317-1365x2048.jpg 1365w, https:\/\/napsugarotthon.hu\/wp-content\/uploads\/2023\/01\/IMG_9317-scaled.jpg 1707w\" sizes=\"auto, (max-width: 683px) 100vw, 683px\" \/>\t\t\t\t\t\t\t\t\t\t\t\t\t\t\t<\/div>\n\t\t\t\t<\/div>\n\t\t\t\t\t<\/div>\n\t\t<\/div>\n\t\t\t\t<div class=\"elementor-column elementor-col-50 elementor-top-column elementor-element elementor-element-1919f98\" data-id=\"1919f98\" data-element_type=\"column\">\n\t\t\t<div class=\"elementor-widget-wrap elementor-element-populated\">\n\t\t\t\t\t\t\t\t<div class=\"elementor-element elementor-element-ac74c7d elementor-widget elementor-widget-spacer\" data-id=\"ac74c7d\" data-element_type=\"widget\" data-widget_type=\"spacer.default\">\n\t\t\t\t<div class=\"elementor-widget-container\">\n\t\t\t<style>\/*! elementor - v3.16.0 - 13-09-2023 *\/\n.elementor-column .elementor-spacer-inner{height:var(--spacer-size)}.e-con{--container-widget-width:100%}.e-con-inner>.elementor-widget-spacer,.e-con>.elementor-widget-spacer{width:var(--container-widget-width,var(--spacer-size));--align-self:var(--container-widget-align-self,initial);--flex-shrink:0}.e-con-inner>.elementor-widget-spacer>.elementor-widget-container,.e-con>.elementor-widget-spacer>.elementor-widget-container{height:100%;width:100%}.e-con-inner>.elementor-widget-spacer>.elementor-widget-container>.elementor-spacer,.e-con>.elementor-widget-spacer>.elementor-widget-container>.elementor-spacer{height:100%}.e-con-inner>.elementor-widget-spacer>.elementor-widget-container>.elementor-spacer>.elementor-spacer-inner,.e-con>.elementor-widget-spacer>.elementor-widget-container>.elementor-spacer>.elementor-spacer-inner{height:var(--container-widget-height,var(--spacer-size))}.e-con-inner>.elementor-widget-spacer.elementor-widget-empty,.e-con>.elementor-widget-spacer.elementor-widget-empty{position:relative;min-height:22px;min-width:22px}.e-con-inner>.elementor-widget-spacer.elementor-widget-empty .elementor-widget-empty-icon,.e-con>.elementor-widget-spacer.elementor-widget-empty .elementor-widget-empty-icon{position:absolute;top:0;bottom:0;left:0;right:0;margin:auto;padding:0;width:22px;height:22px}<\/style>\t\t<div class=\"elementor-spacer\">\n\t\t\t<div class=\"elementor-spacer-inner\"><\/div>\n\t\t<\/div>\n\t\t\t\t<\/div>\n\t\t\t\t<\/div>\n\t\t\t\t<div class=\"elementor-element elementor-element-14524f7 elementor-widget elementor-widget-text-editor\" data-id=\"14524f7\" data-element_type=\"widget\" data-widget_type=\"text-editor.default\">\n\t\t\t\t<div class=\"elementor-widget-container\">\n\t\t\t<style>\/*! elementor - v3.16.0 - 13-09-2023 *\/\n.elementor-widget-text-editor.elementor-drop-cap-view-stacked .elementor-drop-cap{background-color:#69727d;color:#fff}.elementor-widget-text-editor.elementor-drop-cap-view-framed .elementor-drop-cap{color:#69727d;border:3px solid;background-color:transparent}.elementor-widget-text-editor:not(.elementor-drop-cap-view-default) .elementor-drop-cap{margin-top:8px}.elementor-widget-text-editor:not(.elementor-drop-cap-view-default) .elementor-drop-cap-letter{width:1em;height:1em}.elementor-widget-text-editor .elementor-drop-cap{float:left;text-align:center;line-height:1;font-size:50px}.elementor-widget-text-editor .elementor-drop-cap-letter{display:inline-block}<\/style>\t\t\t\t<div class=\"gmail_default\"><strong>R\u00f6vidt\u00e1v\u00fa beteg\u00e1pol\u00e1si szolg\u00e1ltat\u00e1st is ny\u00fajt a Napsug\u00e1r Id\u0151sek Otthona.<\/strong> K\u00f6lt\u00f6zz\u00f6n be hozz\u00e1nk ak\u00e1r n\u00e9h\u00e1ny h\u00e9tre vagy p\u00e1r h\u00f3napra. Seg\u00edt\u00fcnk ak\u00e1r m\u0171t\u00e9t ut\u00e1ni l\u00e1badoz\u00e1sban vagy ha nem tudj\u00e1k az otthoni \u00e1pol\u00e1st megoldani.\u00a0<\/div><div class=\"gmail_default\">\u00a0<\/div><div class=\"gmail_default\">Szolg\u00e1ltat\u00e1saink:\u00a0<\/div><div class=\"gmail_default\">\u00a0&#8211; Elhelyez\u00e9s: Egy \u00e9s k\u00e9t\u00e1gyas szob\u00e1kban, saj\u00e1t akad\u00e1lymentes\u00edtett f\u00fcrd\u0151szob\u00e1val\u00a0<\/div><div class=\"gmail_default\">&#8211; Napi \u00f6tsz\u00f6ri \u00e9tkez\u00e9st biztos\u00edtunk melyn\u00e9l k\u00fcl\u00f6n\u00f6s figyelmet ford\u00edtunk a di\u00e9t\u00e1s ig\u00e9nykere. Lak\u00f3ink sz\u00e1m\u00e1ra a szok\u00e1sos kifejezetten id\u0151seknek kialak\u00edtott \u00e9trenden fel\u00fcl, felszolg\u00e1lunk lakt\u00f3z\u00e9rz\u00e9keny, ep\u00e9s, glut\u00e9nmentes, cukros di\u00e9t\u00e1kat<\/div><div class=\"gmail_default\">&#8211; Rendszeres orvosi fel\u00fcgyelet<\/div><div class=\"gmail_default\">&#8211; Folyamatos (7\/24 \u00f3r\u00e1s) szakk\u00e9pzett \u00e1pol\u00f3i fel\u00fcgyelet\u00a0<\/div><div class=\"gmail_default\">&#8211; Rendszeresen gy\u00f3gytorn\u00e1sz \u00e9s pszichi\u00e1ter is el\u00e9rhet\u0151 a betegek sz\u00e1m\u00e1ra<\/div><div class=\"gmail_default\">&#8211; Tov\u00e1bb\u00e1, t\u00f6bbfajta szabadid\u0151s \u00e9s k\u00f6z\u00f6ss\u00e9gi program v\u00e1r a lak\u00f3k sz\u00e1m\u00e1ra<\/div>\t\t\t\t\t\t<\/div>\n\t\t\t\t<\/div>\n\t\t\t\t\t<\/div>\n\t\t<\/div>\n\t\t\t\t\t\t\t<\/div>\n\t\t<\/section>\n\t\t\t\t<section class=\"elementor-section elementor-top-section elementor-element elementor-element-0gfdi10 elementor-section-content-top elementor-section-boxed elementor-section-height-default elementor-section-height-default\" data-id=\"0gfdi10\" data-element_type=\"section\" data-settings=\"{&quot;background_background&quot;:&quot;classic&quot;}\">\n\t\t\t\t\t\t\t<div class=\"elementor-background-overlay\"><\/div>\n\t\t\t\t\t\t\t<div class=\"elementor-container elementor-column-gap-no\">\n\t\t\t\t\t<div class=\"elementor-column elementor-col-100 elementor-top-column elementor-element elementor-element-5312e3d\" data-id=\"5312e3d\" data-element_type=\"column\">\n\t\t\t<div class=\"elementor-widget-wrap\">\n\t\t\t\t\t\t\t\t\t<\/div>\n\t\t<\/div>\n\t\t\t\t\t\t\t<\/div>\n\t\t<\/section>\n\t\t\t\t\t\t\t<\/div>\n\t\t","protected":false},"excerpt":{"rendered":"<p>Intenz\u00edv \u00e1pol\u00e1s R\u00f6vidt\u00e1v\u00fa beteg\u00e1pol\u00e1si szolg\u00e1ltat\u00e1st is ny\u00fajt a Napsug\u00e1r Id\u0151sek Otthona. K\u00f6lt\u00f6zz\u00f6n be hozz\u00e1nk ak\u00e1r n\u00e9h\u00e1ny h\u00e9tre vagy p\u00e1r h\u00f3napra. Seg\u00edt\u00fcnk ak\u00e1r m\u0171t\u00e9t ut\u00e1ni l\u00e1badoz\u00e1sban vagy ha nem tudj\u00e1k az otthoni \u00e1pol\u00e1st megoldani.\u00a0\u00a0Szolg\u00e1ltat\u00e1saink:\u00a0\u00a0&#8211; Elhelyez\u00e9s: Egy \u00e9s k\u00e9t\u00e1gyas szob\u00e1kban, saj\u00e1t akad\u00e1lymentes\u00edtett f\u00fcrd\u0151szob\u00e1val\u00a0&#8211; Napi \u00f6tsz\u00f6ri \u00e9tkez\u00e9st biztos\u00edtunk melyn\u00e9l k\u00fcl\u00f6n\u00f6s figyelmet ford\u00edtunk a di\u00e9t\u00e1s ig\u00e9nykere. Lak\u00f3ink sz\u00e1m\u00e1ra a [&hellip;]<\/p>\n","protected":false},"author":1,"featured_media":0,"parent":0,"menu_order":0,"comment_status":"closed","ping_status":"closed","template":"","meta":{"_monsterinsights_skip_tracking":false,"_monsterinsights_sitenote_active":false,"_monsterinsights_sitenote_note":"","_monsterinsights_sitenote_category":0,"site-sidebar-layout":"no-sidebar","site-content-layout":"page-builder","ast-site-content-layout":"","site-content-style":"default","site-sidebar-style":"default","ast-global-header-display":"","ast-banner-title-visibility":"","ast-main-header-display":"","ast-hfb-above-header-display":"","ast-hfb-below-header-display":"","ast-hfb-mobile-header-display":"","site-post-title":"disabled","ast-breadcrumbs-content":"","ast-featured-img":"disabled","footer-sml-layout":"","theme-transparent-header-meta":"","adv-header-id-meta":"","stick-header-meta":"","header-above-stick-meta":"","header-main-stick-meta":"","header-below-stick-meta":"","astra-migrate-meta-layouts":"default","ast-page-background-enabled":"default","ast-page-background-meta":{"desktop":{"background-color":"","background-image":"","background-repeat":"repeat","background-position":"center center","background-size":"auto","background-attachment":"scroll","background-type":"","background-media":"","overlay-type":"","overlay-color":"","overlay-gradient":""},"tablet":{"background-color":"","background-image":"","background-repeat":"repeat","background-position":"center center","background-size":"auto","background-attachment":"scroll","background-type":"","background-media":"","overlay-type":"","overlay-color":"","overlay-gradient":""},"mobile":{"background-color":"","background-image":"","background-repeat":"repeat","background-position":"center center","background-size":"auto","background-attachment":"scroll","background-type":"","background-media":"","overlay-type":"","overlay-color":"","overlay-gradient":""}},"ast-content-background-meta":{"desktop":{"background-color":"var(--ast-global-color-5)","background-image":"","background-repeat":"repeat","background-position":"center center","background-size":"auto","background-attachment":"scroll","background-type":"","background-media":"","overlay-type":"","overlay-color":"","overlay-gradient":""},"tablet":{"background-color":"var(--ast-global-color-5)","background-image":"","background-repeat":"repeat","background-position":"center center","background-size":"auto","background-attachment":"scroll","background-type":"","background-media":"","overlay-type":"","overlay-color":"","overlay-gradient":""},"mobile":{"background-color":"var(--ast-global-color-5)","background-image":"","background-repeat":"repeat","background-position":"center center","background-size":"auto","background-attachment":"scroll","background-type":"","background-media":"","overlay-type":"","overlay-color":"","overlay-gradient":""}},"footnotes":""},"class_list":["post-1235","page","type-page","status-publish","hentry"],"aioseo_notices":[],"_links":{"self":[{"href":"https:\/\/napsugarotthon.hu\/index.php?rest_route=\/wp\/v2\/pages\/1235","targetHints":{"allow":["GET"]}}],"collection":[{"href":"https:\/\/napsugarotthon.hu\/index.php?rest_route=\/wp\/v2\/pages"}],"about":[{"href":"https:\/\/napsugarotthon.hu\/index.php?rest_route=\/wp\/v2\/types\/page"}],"author":[{"embeddable":true,"href":"https:\/\/napsugarotthon.hu\/index.php?rest_route=\/wp\/v2\/users\/1"}],"replies":[{"embeddable":true,"href":"https:\/\/napsugarotthon.hu\/index.php?rest_route=%2Fwp%2Fv2%2Fcomments&post=1235"}],"version-history":[{"count":20,"href":"https:\/\/napsugarotthon.hu\/index.php?rest_route=\/wp\/v2\/pages\/1235\/revisions"}],"predecessor-version":[{"id":1269,"href":"https:\/\/napsugarotthon.hu\/index.php?rest_route=\/wp\/v2\/pages\/1235\/revisions\/1269"}],"wp:attachment":[{"href":"https:\/\/napsugarotthon.hu\/index.php?rest_route=%2Fwp%2Fv2%2Fmedia&parent=1235"}],"curies":[{"name":"wp","href":"https:\/\/api.w.org\/{rel}","templated":true}]}}